{"id":1315,"date":"2021-10-25T17:13:43","date_gmt":"2021-10-25T14:13:43","guid":{"rendered":"https:\/\/lotuspecas.de\/?page_id=1315"},"modified":"2025-01-08T10:55:36","modified_gmt":"2025-01-08T07:55:36","slug":"tse","status":"publish","type":"page","link":"https:\/\/lotuspecas.de\/en\/tse\/","title":{"rendered":"TSE"},"content":{"rendered":"\n<style type=\"text\/css\" data-created_by=\"avia_inline_auto\" id=\"style-css-av-kv6qs86g-67bf10535e5e921e2ffecb46dedc39c3\">\n.avia-section.av-kv6qs86g-67bf10535e5e921e2ffecb46dedc39c3{\nbackground-repeat:no-repeat;\nbackground-image:url(https:\/\/lotuspecas.de\/en\/wp-content\/uploads\/2021\/10\/tsseee-bg.jpg);\nbackground-position:0% 0%;\nbackground-attachment:scroll;\n}\n<\/style>\n<div id='av_section_1'  class='avia-section av-kv6qs86g-67bf10535e5e921e2ffecb46dedc39c3 main_color avia-section-default avia-no-border-styling  avia-builder-el-0  el_before_av_section  avia-builder-el-first  avia-full-stretch avia-bg-style-scroll av-minimum-height av-minimum-height-100 av-height-100  container_wrap sidebar_right'  data-section-bg-repeat='stretch' data-av_minimum_height_pc='100' data-av_min_height_opt='100'><div class='container av-section-cont-open' ><main  role=\"main\" itemprop=\"mainContentOfPage\"  class='template-page content  av-content-small alpha units'><div class='post-entry post-entry-type-page post-entry-1315'><div class='entry-content-wrapper clearfix'>\n<div  class='flex_column av-3ysf0z-4a680476f923a4bac0fc2b94551b9e5d av_one_third  avia-builder-el-1  el_before_av_two_third  avia-builder-el-first  first flex_column_div  '     ><\/div><div  class='flex_column av-27n6lv-7a2454738c05df94ec9dc23c7fc71288 av_two_third  avia-builder-el-2  el_after_av_one_third  avia-builder-el-last  flex_column_div  '     ><style type=\"text\/css\" data-created_by=\"avia_inline_auto\" id=\"style-css-av-kv6qt4pd-22142d72e850fa874527200c994e7383\">\n#top .av-special-heading.av-kv6qt4pd-22142d72e850fa874527200c994e7383{\npadding-bottom:10px;\nfont-size:70px;\n}\nbody .av-special-heading.av-kv6qt4pd-22142d72e850fa874527200c994e7383 .av-special-heading-tag .heading-char{\nfont-size:25px;\n}\n#top #wrap_all .av-special-heading.av-kv6qt4pd-22142d72e850fa874527200c994e7383 .av-special-heading-tag{\nfont-size:70px;\n}\n.av-special-heading.av-kv6qt4pd-22142d72e850fa874527200c994e7383 .av-subheading{\nfont-size:28px;\n}\n\n@media only screen and (min-width: 480px) and (max-width: 767px){ \n#top #wrap_all .av-special-heading.av-kv6qt4pd-22142d72e850fa874527200c994e7383 .av-special-heading-tag{\nfont-size:0.8em;\n}\n}\n\n@media only screen and (max-width: 479px){ \n#top #wrap_all .av-special-heading.av-kv6qt4pd-22142d72e850fa874527200c994e7383 .av-special-heading-tag{\nfont-size:0.8em;\n}\n}\n<\/style>\n<div  class='av-special-heading av-kv6qt4pd-22142d72e850fa874527200c994e7383 av-special-heading-h2 blockquote modern-quote modern-centered  avia-builder-el-3  avia-builder-el-no-sibling  av-inherit-size'><h2 class='av-special-heading-tag'  itemprop=\"headline\"  >TSE<\/h2><div class='av-subheading av-subheading_below'><p>GoBD compliant cash register<br \/>\n100% KassenSichV<\/p>\n<\/div><div class=\"special-heading-border\"><div class=\"special-heading-inner-border\"><\/div><\/div><\/div><\/div>\n\n<\/div><\/div><\/main><!-- close content main element --><\/div><\/div><div id='av_section_2'  class='avia-section av-kv6r5al5-e2b8e8a865e093532bd55d8dbadef476 main_color avia-section-default avia-no-border-styling  avia-builder-el-4  el_after_av_section  el_before_av_section  avia-bg-style-scroll container_wrap sidebar_right'  ><div class='container av-section-cont-open' ><div class='template-page content  av-content-small alpha units'><div class='post-entry post-entry-type-page post-entry-1315'><div class='entry-content-wrapper clearfix'>\n<div  class='flex_column av-3ziztf-85e6bd25127598e83b01bdb0fb333a1f av_three_fifth  avia-builder-el-5  el_before_av_two_fifth  avia-builder-el-first  first flex_column_div  '     ><style type=\"text\/css\" data-created_by=\"avia_inline_auto\" id=\"style-css-av-kv6r7nw4-5946d9c1f81c0bf0b45f852b241b22ef\">\n#top .av-special-heading.av-kv6r7nw4-5946d9c1f81c0bf0b45f852b241b22ef{\npadding-bottom:10px;\ncolor:#3c8ba6;\nfont-size:35px;\n}\nbody .av-special-heading.av-kv6r7nw4-5946d9c1f81c0bf0b45f852b241b22ef .av-special-heading-tag .heading-char{\nfont-size:25px;\n}\n#top #wrap_all .av-special-heading.av-kv6r7nw4-5946d9c1f81c0bf0b45f852b241b22ef .av-special-heading-tag{\nfont-size:35px;\n}\n.av-special-heading.av-kv6r7nw4-5946d9c1f81c0bf0b45f852b241b22ef .special-heading-inner-border{\nborder-color:#3c8ba6;\n}\n.av-special-heading.av-kv6r7nw4-5946d9c1f81c0bf0b45f852b241b22ef .av-subheading{\nfont-size:17px;\ncolor:#0a0a0a;\n}\n\n@media only screen and (min-width: 480px) and (max-width: 767px){ \n#top #wrap_all .av-special-heading.av-kv6r7nw4-5946d9c1f81c0bf0b45f852b241b22ef .av-special-heading-tag{\nfont-size:0.8em;\n}\n}\n\n@media only screen and (max-width: 479px){ \n#top #wrap_all .av-special-heading.av-kv6r7nw4-5946d9c1f81c0bf0b45f852b241b22ef .av-special-heading-tag{\nfont-size:0.8em;\n}\n}\n<\/style>\n<div  class='av-special-heading av-kv6r7nw4-5946d9c1f81c0bf0b45f852b241b22ef av-special-heading-h2 custom-color-heading blockquote modern-quote  avia-builder-el-6  avia-builder-el-no-sibling  av-inherit-size'><h2 class='av-special-heading-tag'  itemprop=\"headline\"  >What is a TSE?<\/h2><div class='av_custom_color av-subheading av-subheading_below'><p>Since January 1, 2020, electronic cash register systems must have a certified technical security device (TSE). But what is TSE anyway?<\/p>\n<p>A TSE is a security device for signing receipts and storing digital records in accordance with legal requirements. Possible storage media include: B. microSD cards, USB sticks or cloud solutions. There are also TSEs that can be used by multiple POS systems in a local network. If you do not protect a recording system or do not protect it properly with a TSE, the law stipulates a fine of \u20ac25,000.<\/p>\n<\/div><div class=\"special-heading-border\"><div class=\"special-heading-inner-border\"><\/div><\/div><\/div><\/div><div  class='flex_column av-2d4ddf-efe0f8196a3df0f998ccb782a0bbd15c av_two_fifth  avia-builder-el-7  el_after_av_three_fifth  avia-builder-el-last  flex_column_div  '     ><style type=\"text\/css\" data-created_by=\"avia_inline_auto\" id=\"style-css-av-kv6r71ns-644579694502315f3ac8db1f8de44ee5\">\n.avia-image-container.av-kv6r71ns-644579694502315f3ac8db1f8de44ee5 img.avia_image{\nbox-shadow:none;\n}\n.avia-image-container.av-kv6r71ns-644579694502315f3ac8db1f8de44ee5 .av-image-caption-overlay-center{\ncolor:#ffffff;\n}\n<\/style>\n<div  class='avia-image-container av-kv6r71ns-644579694502315f3ac8db1f8de44ee5 av-styling- avia-align-center  avia-builder-el-8  avia-builder-el-no-sibling '   itemprop=\"image\" itemscope=\"itemscope\" itemtype=\"https:\/\/schema.org\/ImageObject\" ><div class=\"avia-image-container-inner\"><div class=\"avia-image-overlay-wrap\"><img decoding=\"async\" fetchpriority=\"high\" class='wp-image-1324 avia-img-lazy-loading-not-1324 avia_image ' src=\"https:\/\/lotuspecas.de\/en\/wp-content\/uploads\/2021\/10\/TSE-Module-1.jpg\" alt='' title='TSE-Module-1'  height=\"375\" width=\"500\"  itemprop=\"thumbnailUrl\" srcset=\"https:\/\/lotuspecas.de\/en\/wp-content\/uploads\/2021\/10\/TSE-Module-1.jpg 500w, https:\/\/lotuspecas.de\/en\/wp-content\/uploads\/2021\/10\/TSE-Module-1-300x225.jpg 300w\" sizes=\"(max-width: 500px) 100vw, 500px\" \/><\/div><\/div><\/div><\/div>\n\n<\/div><\/div><\/div><!-- close content main div --><\/div><\/div>\n<style type=\"text\/css\" data-created_by=\"avia_inline_auto\" id=\"style-css-av-kv6rk4t0-4cd776f5e4d48755e3126b7cfdf1f8ce\">\n.avia-section.av-kv6rk4t0-4cd776f5e4d48755e3126b7cfdf1f8ce{\nbackground-color:#f3f3f3;\nbackground-image:unset;\n}\n<\/style>\n<div id='av_section_3'  class='avia-section av-kv6rk4t0-4cd776f5e4d48755e3126b7cfdf1f8ce main_color avia-section-default avia-no-border-styling  avia-builder-el-9  el_after_av_section  el_before_av_section  avia-bg-style-scroll container_wrap sidebar_right'  ><div class='container av-section-cont-open' ><div class='template-page content  av-content-small alpha units'><div class='post-entry post-entry-type-page post-entry-1315'><div class='entry-content-wrapper clearfix'>\n<div  class='flex_column av-5dgmbn-fbbc2e44dcd1517127dd80c9fa9806a2 av_two_fifth  avia-builder-el-10  el_before_av_three_fifth  avia-builder-el-first  first flex_column_div  '     ><style type=\"text\/css\" data-created_by=\"avia_inline_auto\" id=\"style-css-av-kv6rjto4-7033caa66f13e6265691e5c7d315122a\">\n.avia-image-container.av-kv6rjto4-7033caa66f13e6265691e5c7d315122a img.avia_image{\nbox-shadow:none;\n}\n.avia-image-container.av-kv6rjto4-7033caa66f13e6265691e5c7d315122a .av-image-caption-overlay-center{\ncolor:#ffffff;\n}\n<\/style>\n<div  class='avia-image-container av-kv6rjto4-7033caa66f13e6265691e5c7d315122a av-styling- avia-align-center  avia-builder-el-11  avia-builder-el-no-sibling '   itemprop=\"image\" itemscope=\"itemscope\" itemtype=\"https:\/\/schema.org\/ImageObject\" ><div class=\"avia-image-container-inner\"><div class=\"avia-image-overlay-wrap\"><img decoding=\"async\" fetchpriority=\"high\" class='wp-image-1327 avia-img-lazy-loading-not-1327 avia_image ' src=\"https:\/\/lotuspecas.de\/en\/wp-content\/uploads\/2021\/10\/deutschland1.png\" alt='' title='deutschland1'  height=\"700\" width=\"540\"  itemprop=\"thumbnailUrl\" srcset=\"https:\/\/lotuspecas.de\/en\/wp-content\/uploads\/2021\/10\/deutschland1.png 540w, https:\/\/lotuspecas.de\/en\/wp-content\/uploads\/2021\/10\/deutschland1-231x300.png 231w\" sizes=\"(max-width: 540px) 100vw, 540px\" \/><\/div><\/div><\/div><\/div><div  class='flex_column av-4c4iz7-59d498560fbf45c72d768f6f374bcd92 av_three_fifth  avia-builder-el-12  el_after_av_two_fifth  avia-builder-el-last  flex_column_div  '     ><style type=\"text\/css\" data-created_by=\"avia_inline_auto\" id=\"style-css-av-2e4ldv-d9bef33fb5d41ead12eb93d07d7e72f3\">\n#top .av-special-heading.av-2e4ldv-d9bef33fb5d41ead12eb93d07d7e72f3{\npadding-bottom:10px;\ncolor:#3c8ba6;\nfont-size:35px;\n}\nbody .av-special-heading.av-2e4ldv-d9bef33fb5d41ead12eb93d07d7e72f3 .av-special-heading-tag .heading-char{\nfont-size:25px;\n}\n#top #wrap_all .av-special-heading.av-2e4ldv-d9bef33fb5d41ead12eb93d07d7e72f3 .av-special-heading-tag{\nfont-size:35px;\n}\n.av-special-heading.av-2e4ldv-d9bef33fb5d41ead12eb93d07d7e72f3 .special-heading-inner-border{\nborder-color:#3c8ba6;\n}\n.av-special-heading.av-2e4ldv-d9bef33fb5d41ead12eb93d07d7e72f3 .av-subheading{\nfont-size:17px;\ncolor:#0a0a0a;\n}\n\n@media only screen and (min-width: 480px) and (max-width: 767px){ \n#top #wrap_all .av-special-heading.av-2e4ldv-d9bef33fb5d41ead12eb93d07d7e72f3 .av-special-heading-tag{\nfont-size:0.8em;\n}\n}\n\n@media only screen and (max-width: 479px){ \n#top #wrap_all .av-special-heading.av-2e4ldv-d9bef33fb5d41ead12eb93d07d7e72f3 .av-special-heading-tag{\nfont-size:0.8em;\n}\n}\n<\/style>\n<div  class='av-special-heading av-2e4ldv-d9bef33fb5d41ead12eb93d07d7e72f3 av-special-heading-h2 custom-color-heading blockquote modern-quote  avia-builder-el-13  avia-builder-el-no-sibling  av-inherit-size'><h2 class='av-special-heading-tag'  itemprop=\"headline\"  >What is a TSE?<\/h2><div class='av_custom_color av-subheading av-subheading_below'><p>Since January 1, 2020, electronic cash register systems must have a certified technical security device (TSE). But what is TSE anyway?<\/p>\n<p>A TSE is a security device for signing receipts and storing digital records in accordance with legal requirements. Possible storage media include: B. microSD cards, USB sticks or cloud solutions. There are also TSEs that can be used by multiple POS systems in a local network. If you do not protect a recording system or do not protect it properly with a TSE, the law stipulates a fine of \u20ac25,000.<\/p>\n<\/div><div class=\"special-heading-border\"><div class=\"special-heading-inner-border\"><\/div><\/div><\/div><\/div>\n\n<\/div><\/div><\/div><!-- close content main div --><\/div><\/div><div id='av_section_4'  class='avia-section av-yt11f-071d6fa92262ceb5210db4e6cacbeffe main_color avia-section-default avia-no-border-styling  avia-builder-el-14  el_after_av_section  el_before_av_section  avia-bg-style-scroll container_wrap sidebar_right'  ><div class='container av-section-cont-open' ><div class='template-page content  av-content-small alpha units'><div class='post-entry post-entry-type-page post-entry-1315'><div class='entry-content-wrapper clearfix'>\n<div  class='flex_column av-78u14z-bc11c576589f0320a8d2bb7c2420ba17 av_one_full  avia-builder-el-15  avia-builder-el-no-sibling  first flex_column_div  '     ><style type=\"text\/css\" data-created_by=\"avia_inline_auto\" id=\"style-css-av-584sgj-36d2d46c62ddd2ccfed2d882e5b1b5e6\">\n#top .av-special-heading.av-584sgj-36d2d46c62ddd2ccfed2d882e5b1b5e6{\npadding-bottom:10px;\ncolor:#3c8ba6;\nfont-size:35px;\n}\nbody .av-special-heading.av-584sgj-36d2d46c62ddd2ccfed2d882e5b1b5e6 .av-special-heading-tag .heading-char{\nfont-size:25px;\n}\n#top #wrap_all .av-special-heading.av-584sgj-36d2d46c62ddd2ccfed2d882e5b1b5e6 .av-special-heading-tag{\nfont-size:35px;\n}\n.av-special-heading.av-584sgj-36d2d46c62ddd2ccfed2d882e5b1b5e6 .special-heading-inner-border{\nborder-color:#3c8ba6;\n}\n.av-special-heading.av-584sgj-36d2d46c62ddd2ccfed2d882e5b1b5e6 .av-subheading{\nfont-size:17px;\ncolor:#0a0a0a;\n}\n\n@media only screen and (min-width: 480px) and (max-width: 767px){ \n#top #wrap_all .av-special-heading.av-584sgj-36d2d46c62ddd2ccfed2d882e5b1b5e6 .av-special-heading-tag{\nfont-size:0.8em;\n}\n}\n\n@media only screen and (max-width: 479px){ \n#top #wrap_all .av-special-heading.av-584sgj-36d2d46c62ddd2ccfed2d882e5b1b5e6 .av-special-heading-tag{\nfont-size:0.8em;\n}\n}\n<\/style>\n<div  class='av-special-heading av-584sgj-36d2d46c62ddd2ccfed2d882e5b1b5e6 av-special-heading-h2 custom-color-heading blockquote modern-quote  avia-builder-el-16  avia-builder-el-no-sibling  av-inherit-size'><h2 class='av-special-heading-tag'  itemprop=\"headline\"  >Advantages of the hardware TSE compared to a cloud TSE<\/h2><div class='av_custom_color av-subheading av-subheading_below'><p>There are many reasons for the Lotus Pecas solution:<\/p>\n<p>Tried and tested: The hardware TSE has been used in practice since the end of 2019, so we have already been able to gain a lot of experience and optimize it.<br \/>\nAvailability: The Lotus Pecas hardware TSE solution is quickly available via our contact form.<br \/>\nReliability: No dependency on a stable internet connection. The hardware TSE solution can be used permanently offline.<\/p>\n<\/div><div class=\"special-heading-border\"><div class=\"special-heading-inner-border\"><\/div><\/div><\/div><\/div>\n\n<\/div><\/div><\/div><!-- close content main div --><\/div><\/div>\n<style type=\"text\/css\" data-created_by=\"avia_inline_auto\" id=\"style-css-av-kv6rml0p-9cf1f5197a41289e62b9ed1ea0c034dd\">\n.avia-section.av-kv6rml0p-9cf1f5197a41289e62b9ed1ea0c034dd{\nbackground-color:#f3f3f3;\nbackground-image:unset;\n}\n<\/style>\n<div id='av_section_5'  class='avia-section av-kv6rml0p-9cf1f5197a41289e62b9ed1ea0c034dd main_color avia-section-default avia-no-border-styling  avia-builder-el-17  el_after_av_section  avia-builder-el-last  avia-bg-style-scroll container_wrap sidebar_right'  ><div class='container av-section-cont-open' ><div class='template-page content  av-content-small alpha units'><div class='post-entry post-entry-type-page post-entry-1315'><div class='entry-content-wrapper clearfix'>\n<div  class='flex_column av-3hiuhf-03a9af9aa0efb30b42b36e7e3ad41eeb av_one_full  avia-builder-el-18  el_before_av_one_fifth  avia-builder-el-first  first flex_column_div  '     ><style type=\"text\/css\" data-created_by=\"avia_inline_auto\" id=\"style-css-av-2ma8df-ec594ca6b8c50381ca581a173757d79b\">\n#top .av-special-heading.av-2ma8df-ec594ca6b8c50381ca581a173757d79b{\npadding-bottom:10px;\ncolor:#3c8ba6;\nfont-size:35px;\n}\nbody .av-special-heading.av-2ma8df-ec594ca6b8c50381ca581a173757d79b .av-special-heading-tag .heading-char{\nfont-size:25px;\n}\n#top #wrap_all .av-special-heading.av-2ma8df-ec594ca6b8c50381ca581a173757d79b .av-special-heading-tag{\nfont-size:35px;\n}\n.av-special-heading.av-2ma8df-ec594ca6b8c50381ca581a173757d79b .special-heading-inner-border{\nborder-color:#3c8ba6;\n}\n.av-special-heading.av-2ma8df-ec594ca6b8c50381ca581a173757d79b .av-subheading{\nfont-size:17px;\ncolor:#0a0a0a;\n}\n\n@media only screen and (min-width: 480px) and (max-width: 767px){ \n#top #wrap_all .av-special-heading.av-2ma8df-ec594ca6b8c50381ca581a173757d79b .av-special-heading-tag{\nfont-size:0.8em;\n}\n}\n\n@media only screen and (max-width: 479px){ \n#top #wrap_all .av-special-heading.av-2ma8df-ec594ca6b8c50381ca581a173757d79b .av-special-heading-tag{\nfont-size:0.8em;\n}\n}\n<\/style>\n<div  class='av-special-heading av-2ma8df-ec594ca6b8c50381ca581a173757d79b av-special-heading-h2 custom-color-heading blockquote modern-quote  avia-builder-el-19  avia-builder-el-no-sibling  av-inherit-size'><h2 class='av-special-heading-tag'  itemprop=\"headline\"  >Sind Die TSE Von Lotus Pecas Zertifiziert??<\/h2><div class='av_custom_color av-subheading av-subheading_below'><p>Ja, die SwisBit TSE f\u00fcr die Lotus Pecas Kassensoftware sind vom Bundesamt f\u00fcr Sicherheit in der Informationstechnik (BSI) zertifiziert. Dies erm\u00f6glichte uns, seit Januar 2020 bereits \u00fcber 2500 Kunden mit TSE\u2019s auszustatten. Bei uns sind derzeit Hardware-TSE-Sicherheitseinrichtungen in Form eines USB-Sticks erh\u00e4ltlich.<\/p>\n<\/div><div class=\"special-heading-border\"><div class=\"special-heading-inner-border\"><\/div><\/div><\/div><\/div><div  class='flex_column av-659k9v-81e2bd480839b51c9210574063cccfc4 av_one_fifth  avia-builder-el-20  el_after_av_one_full  el_before_av_three_fifth  first flex_column_div  column-top-margin'     ><\/div><div  class='flex_column av-4qkxjn-e4e2fcee1e5f2afcc093d2deac0ed0cd av_three_fifth  avia-builder-el-21  el_after_av_one_fifth  el_before_av_one_fifth  flex_column_div  column-top-margin'     ><style type=\"text\/css\" data-created_by=\"avia_inline_auto\" id=\"style-css-av-kv80zz4e-1bb745875213d864cdc7d4349c230107\">\n.avia-image-container.av-kv80zz4e-1bb745875213d864cdc7d4349c230107 img.avia_image{\nbox-shadow:none;\n}\n.avia-image-container.av-kv80zz4e-1bb745875213d864cdc7d4349c230107 .av-image-caption-overlay-center{\ncolor:#ffffff;\n}\n<\/style>\n<div  class='avia-image-container av-kv80zz4e-1bb745875213d864cdc7d4349c230107 av-styling- avia-align-center  avia-builder-el-22  avia-builder-el-no-sibling '   itemprop=\"image\" itemscope=\"itemscope\" itemtype=\"https:\/\/schema.org\/ImageObject\" ><div class=\"avia-image-container-inner\"><div class=\"avia-image-overlay-wrap\"><img decoding=\"async\" fetchpriority=\"high\" class='wp-image-4332 avia-img-lazy-loading-not-4332 avia_image ' src=\"https:\/\/lotuspecas.de\/en\/wp-content\/uploads\/2025\/01\/BSI-K-TR-0362-2019_Zertifikat_Swissbit_TSE.jpg\" alt='' title='BSI-K-TR-0362-2019_Zertifikat_Swissbit_TSE'  height=\"2338\" width=\"1653\"  itemprop=\"thumbnailUrl\" srcset=\"https:\/\/lotuspecas.de\/en\/wp-content\/uploads\/2025\/01\/BSI-K-TR-0362-2019_Zertifikat_Swissbit_TSE.jpg 1653w, https:\/\/lotuspecas.de\/en\/wp-content\/uploads\/2025\/01\/BSI-K-TR-0362-2019_Zertifikat_Swissbit_TSE-212x300.jpg 212w, https:\/\/lotuspecas.de\/en\/wp-content\/uploads\/2025\/01\/BSI-K-TR-0362-2019_Zertifikat_Swissbit_TSE-728x1030.jpg 728w, https:\/\/lotuspecas.de\/en\/wp-content\/uploads\/2025\/01\/BSI-K-TR-0362-2019_Zertifikat_Swissbit_TSE-768x1086.jpg 768w, https:\/\/lotuspecas.de\/en\/wp-content\/uploads\/2025\/01\/BSI-K-TR-0362-2019_Zertifikat_Swissbit_TSE-1086x1536.jpg 1086w, https:\/\/lotuspecas.de\/en\/wp-content\/uploads\/2025\/01\/BSI-K-TR-0362-2019_Zertifikat_Swissbit_TSE-1448x2048.jpg 1448w, https:\/\/lotuspecas.de\/en\/wp-content\/uploads\/2025\/01\/BSI-K-TR-0362-2019_Zertifikat_Swissbit_TSE-1061x1500.jpg 1061w, https:\/\/lotuspecas.de\/en\/wp-content\/uploads\/2025\/01\/BSI-K-TR-0362-2019_Zertifikat_Swissbit_TSE-498x705.jpg 498w\" sizes=\"(max-width: 1653px) 100vw, 1653px\" \/><\/div><\/div><\/div><\/div><div  class='flex_column av-2vtdrn-04964061399e25f248211ce22652c5a9 av_one_fifth  avia-builder-el-23  el_after_av_three_fifth  avia-builder-el-last  flex_column_div  column-top-margin'     ><\/div><\/div><\/div><\/div><!-- close content main div --><\/div><\/div><div id='after_section_5'  class='main_color av_default_container_wrap container_wrap sidebar_right'  ><div class='container av-section-cont-open' ><div class='template-page content  av-content-small alpha units'><div class='post-entry post-entry-type-page post-entry-1315'><div class='entry-content-wrapper clearfix'>\n","protected":false},"excerpt":{"rendered":"","protected":false},"author":5,"featured_media":0,"parent":0,"menu_order":0,"comment_status":"closed","ping_status":"closed","template":"","meta":{"footnotes":""},"class_list":["post-1315","page","type-page","status-publish","hentry"],"_links":{"self":[{"href":"https:\/\/lotuspecas.de\/en\/wp-json\/wp\/v2\/pages\/1315","targetHints":{"allow":["GET"]}}],"collection":[{"href":"https:\/\/lotuspecas.de\/en\/wp-json\/wp\/v2\/pages"}],"about":[{"href":"https:\/\/lotuspecas.de\/en\/wp-json\/wp\/v2\/types\/page"}],"author":[{"embeddable":true,"href":"https:\/\/lotuspecas.de\/en\/wp-json\/wp\/v2\/users\/5"}],"replies":[{"embeddable":true,"href":"https:\/\/lotuspecas.de\/en\/wp-json\/wp\/v2\/comments?post=1315"}],"version-history":[{"count":4,"href":"https:\/\/lotuspecas.de\/en\/wp-json\/wp\/v2\/pages\/1315\/revisions"}],"predecessor-version":[{"id":4334,"href":"https:\/\/lotuspecas.de\/en\/wp-json\/wp\/v2\/pages\/1315\/revisions\/4334"}],"wp:attachment":[{"href":"https:\/\/lotuspecas.de\/en\/wp-json\/wp\/v2\/media?parent=1315"}],"curies":[{"name":"wp","href":"https:\/\/api.w.org\/{rel}","templated":true}]}}